{"id":7360,"date":"2022-07-08T10:29:04","date_gmt":"2022-07-08T10:29:04","guid":{"rendered":"https:\/\/fairitsolutions.in\/?page_id=7360"},"modified":"2022-08-15T16:32:12","modified_gmt":"2022-08-15T16:32:12","slug":"mission-and-vision","status":"publish","type":"page","link":"https:\/\/fairitsolutions.in\/de\/mission-and-vision\/","title":{"rendered":"Mission und Vision"},"content":{"rendered":"\t\t<div data-elementor-type=\"wp-page\" data-elementor-id=\"7360\" class=\"elementor elementor-7360 elementor-7353\" data-elementor-post-type=\"page\">\n\t\t\t\t\t\t<section data-particle_enable=\"false\" data-particle-mobile-disabled=\"false\" class=\"elementor-section elementor-top-section elementor-element elementor-element-110eefa elementor-section-boxed elementor-section-height-default elementor-section-height-default\" data-id=\"110eefa\" data-element_type=\"section\">\n\t\t\t\t\t\t<div class=\"elementor-container elementor-column-gap-default\">\n\t\t\t\t\t<div class=\"elementor-column elementor-col-50 elementor-top-column elementor-element elementor-element-a525165\" data-id=\"a525165\" data-element_type=\"column\">\n\t\t\t<div class=\"elementor-widget-wrap elementor-element-populated\">\n\t\t\t\t\t\t<div class=\"elementor-element elementor-element-80bdb89 elementor-widget elementor-widget-image\" data-id=\"80bdb89\" data-element_type=\"widget\" data-widget_type=\"image.default\">\n\t\t\t\t<div class=\"elementor-widget-container\">\n\t\t\t\t\t\t\t\t\t\t\t\t\t\t\t<img decoding=\"async\" src=\"https:\/\/fairitsolutions.in\/wp-content\/uploads\/2022\/07\/Mission-and-Vision-FaitIT-Solutions-e1588784112484.jpg\" title=\"Mission-and-Vision-FaitIT-Solutions-e1588784112484\" alt=\"Mission-and-Vision-FaitIT-Solutions-e1588784112484\" loading=\"lazy\" \/>\t\t\t\t\t\t\t\t\t\t\t\t\t\t\t<\/div>\n\t\t\t\t<\/div>\n\t\t\t\t\t<\/div>\n\t\t<\/div>\n\t\t\t\t<div class=\"elementor-column elementor-col-50 elementor-top-column elementor-element elementor-element-6ebd9db\" data-id=\"6ebd9db\" data-element_type=\"column\">\n\t\t\t<div class=\"elementor-widget-wrap elementor-element-populated\">\n\t\t\t\t\t\t<div class=\"elementor-element elementor-element-b0f68b9 elementor-widget elementor-widget-heading\" data-id=\"b0f68b9\" data-element_type=\"widget\" data-widget_type=\"heading.default\">\n\t\t\t\t<div class=\"elementor-widget-container\">\n\t\t\t\t\t<h2 class=\"elementor-heading-title elementor-size-default\">Unsere mission<\/h2>\t\t\t\t<\/div>\n\t\t\t\t<\/div>\n\t\t\t\t<div class=\"elementor-element elementor-element-6c6ae01 elementor-widget elementor-widget-text-editor\" data-id=\"6c6ae01\" data-element_type=\"widget\" data-widget_type=\"text-editor.default\">\n\t\t\t\t<div class=\"elementor-widget-container\">\n\t\t\t\t\t\t\t\t\t<p>Wir bieten professinelle IT- und Webdesign-Dienstleistungen zu einem fairen Preis-Leistungs-Verh\u00e4ltnis an mit Fokus auf kleine und mittelgrosse Unternehmen.<\/p>\n\t\t\t\t\t\t\t\t<\/div>\n\t\t\t\t<\/div>\n\t\t\t\t<div class=\"elementor-element elementor-element-44b11f3 elementor-widget elementor-widget-heading\" data-id=\"44b11f3\" data-element_type=\"widget\" data-widget_type=\"heading.default\">\n\t\t\t\t<div class=\"elementor-widget-container\">\n\t\t\t\t\t<h2 class=\"elementor-heading-title elementor-size-default\">Unsere Vision<\/h2>\t\t\t\t<\/div>\n\t\t\t\t<\/div>\n\t\t\t\t<div class=\"elementor-element elementor-element-1a97046 elementor-widget elementor-widget-text-editor\" data-id=\"1a97046\" data-element_type=\"widget\" data-widget_type=\"text-editor.default\">\n\t\t\t\t<div class=\"elementor-widget-container\">\n\t\t\t\t\t\t\t\t\t<p>Jedes Unternehmen, das eine digitale Pr\u00e4senz ben\u00f6tigt, kann zu einem fairen Preis digitalisiert werden. Das faire Preis-Leistungs-Verh\u00e4ltnis erreichen wir als schlank organisierte Agentur mit Sitz in der Schweiz und in Deutschland durch die Rekrutierung von Firmen Lieferanten und Freiberuflern weltweit.<\/p>\n\t\t\t\t\t\t\t\t<\/div>\n\t\t\t\t<\/div>\n\t\t\t\t\t<\/div>\n\t\t<\/div>\n\t\t\t\t\t<\/div>\n\t\t<\/section>\n\t\t\t\t<\/div>\n\t\t","protected":false},"excerpt":{"rendered":"<p>Unsere mission Wir bieten professinelle IT- und Webdesign-Dienstleistungen zu einem fairen Preis-Leistungs-Verh\u00e4ltnis an mit Fokus auf kleine und mittelgrosse Unternehmen. Unsere Vision Jedes Unternehmen, das eine digitale Pr\u00e4senz ben\u00f6tigt, kann zu einem fairen Preis digitalisiert werden. Das faire Preis-Leistungs-Verh\u00e4ltnis erreichen wir als schlank organisierte Agentur mit Sitz in der Schweiz und in Deutschland durch die<\/p>\n","protected":false},"author":1,"featured_media":0,"parent":0,"menu_order":0,"comment_status":"closed","ping_status":"closed","template":"","meta":{"footnotes":""},"class_list":["post-7360","page","type-page","status-publish","hentry"],"_links":{"self":[{"href":"https:\/\/fairitsolutions.in\/de\/wp-json\/wp\/v2\/pages\/7360","targetHints":{"allow":["GET"]}}],"collection":[{"href":"https:\/\/fairitsolutions.in\/de\/wp-json\/wp\/v2\/pages"}],"about":[{"href":"https:\/\/fairitsolutions.in\/de\/wp-json\/wp\/v2\/types\/page"}],"author":[{"embeddable":true,"href":"https:\/\/fairitsolutions.in\/de\/wp-json\/wp\/v2\/users\/1"}],"replies":[{"embeddable":true,"href":"https:\/\/fairitsolutions.in\/de\/wp-json\/wp\/v2\/comments?post=7360"}],"version-history":[{"count":8,"href":"https:\/\/fairitsolutions.in\/de\/wp-json\/wp\/v2\/pages\/7360\/revisions"}],"predecessor-version":[{"id":7940,"href":"https:\/\/fairitsolutions.in\/de\/wp-json\/wp\/v2\/pages\/7360\/revisions\/7940"}],"wp:attachment":[{"href":"https:\/\/fairitsolutions.in\/de\/wp-json\/wp\/v2\/media?parent=7360"}],"curies":[{"name":"wp","href":"https:\/\/api.w.org\/{rel}","templated":true}]}}