{"id":7828,"date":"2022-08-15T15:42:57","date_gmt":"2022-08-15T15:42:57","guid":{"rendered":"https:\/\/fairitsolutions.in\/?page_id=7828"},"modified":"2023-04-25T12:27:23","modified_gmt":"2023-04-25T12:27:23","slug":"who-we-are","status":"publish","type":"page","link":"https:\/\/fairitsolutions.in\/de\/who-we-are\/","title":{"rendered":"Wer wir sind"},"content":{"rendered":"\t\t<div data-elementor-type=\"wp-page\" data-elementor-id=\"7828\" class=\"elementor elementor-7828 elementor-7365\" data-elementor-post-type=\"page\">\n\t\t\t\t\t\t<section data-particle_enable=\"false\" data-particle-mobile-disabled=\"false\" class=\"elementor-section elementor-top-section elementor-element elementor-element-abcfca8 elementor-section-boxed elementor-section-height-default elementor-section-height-default\" data-id=\"abcfca8\" data-element_type=\"section\">\n\t\t\t\t\t\t<div class=\"elementor-container elementor-column-gap-default\">\n\t\t\t\t\t<div class=\"elementor-column elementor-col-100 elementor-top-column elementor-element elementor-element-17e5a13\" data-id=\"17e5a13\" data-element_type=\"column\" data-settings=\"{&quot;background_background&quot;:&quot;classic&quot;}\">\n\t\t\t<div class=\"elementor-widget-wrap elementor-element-populated\">\n\t\t\t\t\t<div class=\"elementor-background-overlay\"><\/div>\n\t\t\t\t\t\t<div class=\"elementor-element elementor-element-433b4ca elementor-widget elementor-widget-heading\" data-id=\"433b4ca\" data-element_type=\"widget\" data-widget_type=\"heading.default\">\n\t\t\t\t<div class=\"elementor-widget-container\">\n\t\t\t\t\t<p class=\"elementor-heading-title elementor-size-default\">Wer wir sind<\/p>\t\t\t\t<\/div>\n\t\t\t\t<\/div>\n\t\t\t\t<div class=\"elementor-element elementor-element-267b7f3 elementor-widget elementor-widget-text-editor\" data-id=\"267b7f3\" data-element_type=\"widget\" data-widget_type=\"text-editor.default\">\n\t\t\t\t<div class=\"elementor-widget-container\">\n\t\t\t\t\t\t\t\t\t<p>Wir sind eine schlanke IT-Web-Entwicklungsagentur mit Pr\u00e4senz in der Schweiz und Deutschland. Wir sind schlank, weil wir keine IT-Spezialisten besch\u00e4ftigen. Unseren professionellen Service bieten wir durch die Rekrutierung von professionellen IT-Unternehmen und hochqualifizierten Freiberuflern an. Dank diesem Aufbau fallen keine teuren Betriebskosten f\u00fcr unser Unternehmen an. Au\u00dferdem erm\u00f6glicht diese Organisation einen effizienten Arbeitsablauf, da nur relevante Personen involviert sind.<\/p>\n<p>Es ist wichtig zu erkennen, dass es einen riesigen Unterschied in der Sprache vom IT-Experten und vom Unternehmer gibt. Was auch verst\u00e4ndlich ist, denn die Betrachtungsweise kommt jeweils aus anderen Blickwinkeln und von anderen Ans\u00e4tzen her.<\/p>\n<p>Mit diesen gemachten Erfahrungen kennen wir die Sprache der Kunden (wir sind auch einer) und haben gelernt, sie in die Sprache der IT-Fachleute zu \u00fcbersetzen. Wir verstehen unsere Rolle als Projektmanager und IT-Services Anbieter. Wir haben eine fundierte Basis von Anbietern; IT-Unternehmen und Freiberuflern, und stehen in pers\u00f6nlichem Kontakt. Da wir alle unsere IT-Experten kennen, k\u00f6nnen wir eine professionelle Ausf\u00fchrung der IT-Services gew\u00e4hrleisten.<\/p>\n\t\t\t\t\t\t\t\t<\/div>\n\t\t\t\t<\/div>\n\t\t\t\t\t<\/div>\n\t\t<\/div>\n\t\t\t\t\t<\/div>\n\t\t<\/section>\n\t\t\t\t<section data-particle_enable=\"false\" data-particle-mobile-disabled=\"false\" class=\"elementor-section elementor-top-section elementor-element elementor-element-8ff749b elementor-section-boxed elementor-section-height-default elementor-section-height-default\" data-id=\"8ff749b\" data-element_type=\"section\">\n\t\t\t\t\t\t\t<div class=\"elementor-background-overlay\"><\/div>\n\t\t\t\t\t\t\t<div class=\"elementor-container elementor-column-gap-default\">\n\t\t\t\t\t<div class=\"elementor-column elementor-col-100 elementor-top-column elementor-element elementor-element-29fa400\" data-id=\"29fa400\" data-element_type=\"column\">\n\t\t\t<div class=\"elementor-widget-wrap elementor-element-populated\">\n\t\t\t\t\t\t<div class=\"elementor-element elementor-element-5c10810 elementor-widget elementor-widget-heading\" data-id=\"5c10810\" data-element_type=\"widget\" data-widget_type=\"heading.default\">\n\t\t\t\t<div class=\"elementor-widget-container\">\n\t\t\t\t\t<p class=\"elementor-heading-title elementor-size-default\">Unsere Gr\u00fcnder<\/p>\t\t\t\t<\/div>\n\t\t\t\t<\/div>\n\t\t\t\t\t<\/div>\n\t\t<\/div>\n\t\t\t\t\t<\/div>\n\t\t<\/section>\n\t\t\t\t<section data-particle_enable=\"false\" data-particle-mobile-disabled=\"false\" class=\"elementor-section elementor-top-section elementor-element elementor-element-e47faa9 elementor-section-boxed elementor-section-height-default elementor-section-height-default\" data-id=\"e47faa9\" data-element_type=\"section\">\n\t\t\t\t\t\t\t<div class=\"elementor-background-overlay\"><\/div>\n\t\t\t\t\t\t\t<div class=\"elementor-container elementor-column-gap-default\">\n\t\t\t\t\t<div class=\"elementor-column elementor-col-50 elementor-top-column elementor-element elementor-element-d1724b6\" data-id=\"d1724b6\" data-element_type=\"column\">\n\t\t\t<div class=\"elementor-widget-wrap elementor-element-populated\">\n\t\t\t\t\t\t<section data-particle_enable=\"false\" data-particle-mobile-disabled=\"false\" class=\"elementor-section elementor-inner-section elementor-element elementor-element-14f95d2 elementor-section-boxed elementor-section-height-default elementor-section-height-default\" data-id=\"14f95d2\" data-element_type=\"section\" data-settings=\"{&quot;background_background&quot;:&quot;classic&quot;}\">\n\t\t\t\t\t\t<div class=\"elementor-container elementor-column-gap-default\">\n\t\t\t\t\t<div class=\"elementor-column elementor-col-50 elementor-inner-column elementor-element elementor-element-2beafed\" data-id=\"2beafed\" data-element_type=\"column\" data-settings=\"{&quot;background_background&quot;:&quot;classic&quot;}\">\n\t\t\t<div class=\"elementor-widget-wrap elementor-element-populated\">\n\t\t\t\t\t\t<div class=\"elementor-element elementor-element-876e7a8 elementor-widget elementor-widget-image\" data-id=\"876e7a8\" data-element_type=\"widget\" data-widget_type=\"image.default\">\n\t\t\t\t<div class=\"elementor-widget-container\">\n\t\t\t\t\t\t\t\t\t\t\t\t\t\t\t<img fetchpriority=\"high\" decoding=\"async\" width=\"444\" height=\"473\" src=\"https:\/\/fairitsolutions.in\/wp-content\/uploads\/2022\/08\/nishant-mhatre-e1660568191624.png\" class=\"attachment-full size-full wp-image-7686\" alt=\"\" \/>\t\t\t\t\t\t\t\t\t\t\t\t\t\t\t<\/div>\n\t\t\t\t<\/div>\n\t\t\t\t\t<\/div>\n\t\t<\/div>\n\t\t\t\t<div class=\"elementor-column elementor-col-50 elementor-inner-column elementor-element elementor-element-5516243\" data-id=\"5516243\" data-element_type=\"column\">\n\t\t\t<div class=\"elementor-widget-wrap elementor-element-populated\">\n\t\t\t\t\t\t<div class=\"elementor-element elementor-element-6a340db elementor-widget elementor-widget-heading\" data-id=\"6a340db\" data-element_type=\"widget\" data-widget_type=\"heading.default\">\n\t\t\t\t<div class=\"elementor-widget-container\">\n\t\t\t\t\t<p class=\"elementor-heading-title elementor-size-default\">Nishant Mhatre<\/p>\t\t\t\t<\/div>\n\t\t\t\t<\/div>\n\t\t\t\t<div class=\"elementor-element elementor-element-8a4f510 elementor-widget elementor-widget-heading\" data-id=\"8a4f510\" data-element_type=\"widget\" data-widget_type=\"heading.default\">\n\t\t\t\t<div class=\"elementor-widget-container\">\n\t\t\t\t\t<p class=\"elementor-heading-title elementor-size-default\">Gr\u00fcnder<\/p>\t\t\t\t<\/div>\n\t\t\t\t<\/div>\n\t\t\t\t<div class=\"elementor-element elementor-element-c3534e5 elementor-view-stacked elementor-shape-circle elementor-widget elementor-widget-icon\" data-id=\"c3534e5\" data-element_type=\"widget\" data-widget_type=\"icon.default\">\n\t\t\t\t<div class=\"elementor-widget-container\">\n\t\t\t\t\t\t\t<div class=\"elementor-icon-wrapper\">\n\t\t\t<a class=\"elementor-icon\" href=\"https:\/\/www.linkedin.com\/in\/nishantmhatre\/\" target=\"_blank\" rel=\"noopener\">\n\t\t\t<i aria-hidden=\"true\" class=\"fab fa-linkedin\"><\/i>\t\t\t<\/a>\n\t\t<\/div>\n\t\t\t\t\t\t<\/div>\n\t\t\t\t<\/div>\n\t\t\t\t\t<\/div>\n\t\t<\/div>\n\t\t\t\t\t<\/div>\n\t\t<\/section>\n\t\t\t\t<section data-particle_enable=\"false\" data-particle-mobile-disabled=\"false\" class=\"elementor-section elementor-inner-section elementor-element elementor-element-1cd89d2 elementor-section-height-min-height elementor-section-boxed elementor-section-height-default\" data-id=\"1cd89d2\" data-element_type=\"section\">\n\t\t\t\t\t\t<div class=\"elementor-container elementor-column-gap-default\">\n\t\t\t\t\t<div class=\"elementor-column elementor-col-100 elementor-inner-column elementor-element elementor-element-f7898d5\" data-id=\"f7898d5\" data-element_type=\"column\">\n\t\t\t<div class=\"elementor-widget-wrap elementor-element-populated\">\n\t\t\t\t\t\t<div class=\"elementor-element elementor-element-e85234b elementor-widget elementor-widget-text-editor\" data-id=\"e85234b\" data-element_type=\"widget\" data-widget_type=\"text-editor.default\">\n\t\t\t\t<div class=\"elementor-widget-container\">\n\t\t\t\t\t\t\t\t\t<p>IT-Experte und Gr\u00fcnder von Fair-IT Solutions. Als IT-Experte hat er ein grosses Wissen \u00fcber Information Technology und globale IT-Systeme. Er hat weltweit als Expatriate in den USA, Australien, Neuseeland, Europa incl. Grossbritannien und Indien an verschiedenen digitalen IT-Implementierungen gearbeitet. Ebenfalls hat er an verschiedenen agilen Implementierungen wie SCRUM, Spotify und Business Entwicklungen gearbeitet. Mit dieser umfangreichen technischen Expertise und Erfahrung in unterschiedlichen Arbeitskulturen bringt Fair-IT Solutions die richte Mischung aus Business und Informationstechnologie f\u00fcr Fair-IT Kunden.<\/p>\n\t\t\t\t\t\t\t\t<\/div>\n\t\t\t\t<\/div>\n\t\t\t\t\t<\/div>\n\t\t<\/div>\n\t\t\t\t\t<\/div>\n\t\t<\/section>\n\t\t\t\t\t<\/div>\n\t\t<\/div>\n\t\t\t\t<div class=\"elementor-column elementor-col-50 elementor-top-column elementor-element elementor-element-398bec1\" data-id=\"398bec1\" data-element_type=\"column\">\n\t\t\t<div class=\"elementor-widget-wrap elementor-element-populated\">\n\t\t\t\t\t\t<section data-particle_enable=\"false\" data-particle-mobile-disabled=\"false\" class=\"elementor-section elementor-inner-section elementor-element elementor-element-44644c1 elementor-section-boxed elementor-section-height-default elementor-section-height-default\" data-id=\"44644c1\" data-element_type=\"section\" data-settings=\"{&quot;background_background&quot;:&quot;classic&quot;}\">\n\t\t\t\t\t\t<div class=\"elementor-container elementor-column-gap-default\">\n\t\t\t\t\t<div class=\"elementor-column elementor-col-50 elementor-inner-column elementor-element elementor-element-f2f7565\" data-id=\"f2f7565\" data-element_type=\"column\" data-settings=\"{&quot;background_background&quot;:&quot;classic&quot;}\">\n\t\t\t<div class=\"elementor-widget-wrap elementor-element-populated\">\n\t\t\t\t\t\t<div class=\"elementor-element elementor-element-2c9a848 elementor-widget elementor-widget-image\" data-id=\"2c9a848\" data-element_type=\"widget\" data-widget_type=\"image.default\">\n\t\t\t\t<div class=\"elementor-widget-container\">\n\t\t\t\t\t\t\t\t\t\t\t\t\t\t\t<img decoding=\"async\" src=\"https:\/\/fairitsolutions.in\/wp-content\/uploads\/2022\/08\/Picture2.jpg\" title=\"Picture2\" alt=\"Picture2\" loading=\"lazy\" \/>\t\t\t\t\t\t\t\t\t\t\t\t\t\t\t<\/div>\n\t\t\t\t<\/div>\n\t\t\t\t\t<\/div>\n\t\t<\/div>\n\t\t\t\t<div class=\"elementor-column elementor-col-50 elementor-inner-column elementor-element elementor-element-9ccee81\" data-id=\"9ccee81\" data-element_type=\"column\">\n\t\t\t<div class=\"elementor-widget-wrap elementor-element-populated\">\n\t\t\t\t\t\t<div class=\"elementor-element elementor-element-d24b022 elementor-widget elementor-widget-heading\" data-id=\"d24b022\" data-element_type=\"widget\" data-widget_type=\"heading.default\">\n\t\t\t\t<div class=\"elementor-widget-container\">\n\t\t\t\t\t<p class=\"elementor-heading-title elementor-size-default\">\nAnnemarie M. Sickeler<\/p>\t\t\t\t<\/div>\n\t\t\t\t<\/div>\n\t\t\t\t<div class=\"elementor-element elementor-element-aa63314 elementor-widget elementor-widget-heading\" data-id=\"aa63314\" data-element_type=\"widget\" data-widget_type=\"heading.default\">\n\t\t\t\t<div class=\"elementor-widget-container\">\n\t\t\t\t\t<p class=\"elementor-heading-title elementor-size-default\">Co-Gr\u00fcnder<\/p>\t\t\t\t<\/div>\n\t\t\t\t<\/div>\n\t\t\t\t<div class=\"elementor-element elementor-element-ac8f587 elementor-view-stacked elementor-shape-circle elementor-widget elementor-widget-icon\" data-id=\"ac8f587\" data-element_type=\"widget\" data-widget_type=\"icon.default\">\n\t\t\t\t<div class=\"elementor-widget-container\">\n\t\t\t\t\t\t\t<div class=\"elementor-icon-wrapper\">\n\t\t\t<a class=\"elementor-icon\" href=\"https:\/\/www.linkedin.com\/in\/nishantmhatre\/\" target=\"_blank\" rel=\"noopener\">\n\t\t\t<i aria-hidden=\"true\" class=\"fab fa-linkedin\"><\/i>\t\t\t<\/a>\n\t\t<\/div>\n\t\t\t\t\t\t<\/div>\n\t\t\t\t<\/div>\n\t\t\t\t\t<\/div>\n\t\t<\/div>\n\t\t\t\t\t<\/div>\n\t\t<\/section>\n\t\t\t\t<section data-particle_enable=\"false\" data-particle-mobile-disabled=\"false\" class=\"elementor-section elementor-inner-section elementor-element elementor-element-383352b elementor-section-height-min-height elementor-section-boxed elementor-section-height-default\" data-id=\"383352b\" data-element_type=\"section\">\n\t\t\t\t\t\t<div class=\"elementor-container elementor-column-gap-default\">\n\t\t\t\t\t<div class=\"elementor-column elementor-col-100 elementor-inner-column elementor-element elementor-element-2eec081\" data-id=\"2eec081\" data-element_type=\"column\">\n\t\t\t<div class=\"elementor-widget-wrap elementor-element-populated\">\n\t\t\t\t\t\t<div class=\"elementor-element elementor-element-54c8528 elementor-widget elementor-widget-text-editor\" data-id=\"54c8528\" data-element_type=\"widget\" data-widget_type=\"text-editor.default\">\n\t\t\t\t<div class=\"elementor-widget-container\">\n\t\t\t\t\t\t\t\t\t<p>Unternehmerin. \u00dcbernimmt die organisatorische Leitung und ist ma\u00dfgeblich am Tagesgesch\u00e4fts und der Expansion von Fair-IT Solutions beteiligt. Modebegeistert. Alumni Business School St. Gallen. Kenntnisse verschiedener Gesch\u00e4ftskulturen aufgrund langer internationaler Arbeitseins\u00e4tze als Expatriate. Als Gr\u00fcnderin und Inhaberin eines internationalen Start-up-Unternehmens wei\u00df sie genau, was es f\u00fcr ein kleines Unternehmen bedeutet, eine Online-Pr\u00e4senz aufzubauen, ohne ein Profi auf diesem Gebiet zu sein und auch nicht die \u201cIT-Sprache\u201d zu sprechen.<\/p>\n\t\t\t\t\t\t\t\t<\/div>\n\t\t\t\t<\/div>\n\t\t\t\t\t<\/div>\n\t\t<\/div>\n\t\t\t\t\t<\/div>\n\t\t<\/section>\n\t\t\t\t\t<\/div>\n\t\t<\/div>\n\t\t\t\t\t<\/div>\n\t\t<\/section>\n\t\t\t\t<\/div>\n\t\t","protected":false},"excerpt":{"rendered":"<p>Wer wir sind Wir sind eine schlanke IT-Web-Entwicklungsagentur mit Pr\u00e4senz in der Schweiz und Deutschland. Wir sind schlank, weil wir keine IT-Spezialisten besch\u00e4ftigen. Unseren professionellen Service bieten wir durch die Rekrutierung von professionellen IT-Unternehmen und hochqualifizierten Freiberuflern an. Dank diesem Aufbau fallen keine teuren Betriebskosten f\u00fcr unser Unternehmen an. Au\u00dferdem erm\u00f6glicht diese Organisation einen effizienten<\/p>\n","protected":false},"author":1,"featured_media":0,"parent":0,"menu_order":0,"comment_status":"closed","ping_status":"closed","template":"","meta":{"footnotes":""},"class_list":["post-7828","page","type-page","status-publish","hentry"],"_links":{"self":[{"href":"https:\/\/fairitsolutions.in\/de\/wp-json\/wp\/v2\/pages\/7828","targetHints":{"allow":["GET"]}}],"collection":[{"href":"https:\/\/fairitsolutions.in\/de\/wp-json\/wp\/v2\/pages"}],"about":[{"href":"https:\/\/fairitsolutions.in\/de\/wp-json\/wp\/v2\/types\/page"}],"author":[{"embeddable":true,"href":"https:\/\/fairitsolutions.in\/de\/wp-json\/wp\/v2\/users\/1"}],"replies":[{"embeddable":true,"href":"https:\/\/fairitsolutions.in\/de\/wp-json\/wp\/v2\/comments?post=7828"}],"version-history":[{"count":16,"href":"https:\/\/fairitsolutions.in\/de\/wp-json\/wp\/v2\/pages\/7828\/revisions"}],"predecessor-version":[{"id":8324,"href":"https:\/\/fairitsolutions.in\/de\/wp-json\/wp\/v2\/pages\/7828\/revisions\/8324"}],"wp:attachment":[{"href":"https:\/\/fairitsolutions.in\/de\/wp-json\/wp\/v2\/media?parent=7828"}],"curies":[{"name":"wp","href":"https:\/\/api.w.org\/{rel}","templated":true}]}}